{"id":47,"date":"2024-11-17T05:11:58","date_gmt":"2024-11-17T04:11:58","guid":{"rendered":"https:\/\/www.vesta-bienetre.com\/?page_id=47"},"modified":"2025-01-07T05:28:32","modified_gmt":"2025-01-07T04:28:32","slug":"sophrologie","status":"publish","type":"page","link":"https:\/\/www.vesta-bienetre.com\/index.php\/sophrologie\/","title":{"rendered":"sophrologie"},"content":{"rendered":"\n<div class=\"wp-block-columns is-layout-flex wp-container-core-columns-is-layout-28f84493 wp-block-columns-is-layout-flex\">\n<div class=\"wp-block-column is-layout-flow wp-block-column-is-layout-flow\" style=\"flex-basis:100%\"><figure class=\"wp-block-post-featured-image\"><img fetchpriority=\"high\" decoding=\"async\" width=\"2560\" height=\"1853\" src=\"https:\/\/www.vesta-bienetre.com\/wp-content\/uploads\/2025\/01\/sophrologie3-scaled.jpg\" class=\"attachment-post-thumbnail size-post-thumbnail wp-post-image\" alt=\"\" style=\"object-fit:cover;\" srcset=\"https:\/\/www.vesta-bienetre.com\/wp-content\/uploads\/2025\/01\/sophrologie3-scaled.jpg 2560w, https:\/\/www.vesta-bienetre.com\/wp-content\/uploads\/2025\/01\/sophrologie3-300x217.jpg 300w, https:\/\/www.vesta-bienetre.com\/wp-content\/uploads\/2025\/01\/sophrologie3-2048x1483.jpg 2048w, https:\/\/www.vesta-bienetre.com\/wp-content\/uploads\/2025\/01\/sophrologie3-768x556.jpg 768w, https:\/\/www.vesta-bienetre.com\/wp-content\/uploads\/2025\/01\/sophrologie3-1536x1112.jpg 1536w\" sizes=\"(max-width: 2560px) 100vw, 2560px\" \/><\/figure><\/div>\n<\/div>\n\n\n\n<p><\/p>\n\n\n\n<p class=\"has-text-align-center has-normal-font-size\">Trouble du sommeil, peur, col\u00e8re, anxi\u00e9t\u00e9, stress, crise angoisse, manque de confiance en soi, m\u00e9sestime de soi, douleurs chroniques, accompagnement des traitement m\u00e9dicaux, pr\u00e9paration d\u2019un \u00e9v\u00e8nement (accouchement, examens, concours) \u2026Quel que soit votre objectif, votre probl\u00e8me actuel, la sophrologie fait partie des solutions et r\u00e9pondent \u00e0 votre besoin.<\/p>\n\n\n\n<p class=\"has-text-align-center has-normal-font-size\"><br>La sophrologie, est une m\u00e9thode douce accessible \u00e0 tous. Sa pratique visant \u00e0 am\u00e9liorer le bien-\u00eatre, mental et physique en utilisant des techniques, de relaxation, de respiration et de visualisation positive. Le support d&#8217;accompagnement du patient repose principalement sur la voix du sophrologue.<\/p>\n\n\n\n<p class=\"has-text-align-center has-normal-font-size\"><br>Lors de la premi\u00e8re s\u00e9ance, nous \u00e9changerons sur votre histoire, vos attentes, votre projet afin de mieux vous connaitre. Nous terminerons par une s\u00e9ance de d\u00e9couverte.<\/p>\n\n\n\n<p class=\"has-text-align-center has-normal-font-size\"><br>Apr\u00e8s un suivi complet en sophrologie : nous observons : une meilleure gestion des \u00e9motions, meilleure qualit\u00e9 de vie, renforcement de la confiance en soi, apaisement total, un bien-\u00eatre durable\u2026<\/p>\n\n\n\n<p><\/p>\n\n\n\n<p class=\"has-text-align-center\"><strong><em>Comment se d\u00e9roule une s\u00e9ance sophrologie ?<\/em><\/strong><\/p>\n\n\n\n<p class=\"has-text-align-center\">Une s\u00e9ance de sophrologie se d\u00e9coupe en 3 parties : elle commence toujours par un temps d&#8217;\u00e9change avec le sophrologue, vient ensuite un temps pour les exercices, d&#8217;abord les exercices de relaxation dynamique, qui sont des mouvements doux associ\u00e9s \u00e0 la respiration, puis la sophronisation avec des visualisations positives. La s\u00e9ance se termine par recueillement des ressentis du sophronis\u00e9 s&#8217;il souhaite en parler;<\/p>\n\n\n\n<p><\/p>\n\n\n\n<p class=\"has-text-align-center\">les origines de la sophrologie<\/p>\n\n\n\n<p><\/p>\n\n\n\n<h5 id=\"wp-block-themeisle-blocks-advanced-heading-477daee1\" class=\"wp-block-themeisle-blocks-advanced-heading wp-block-themeisle-blocks-advanced-heading-477daee1\">Le terme \u00ab sophrologie \u00bb est cr\u00e9\u00e9 en 1960 par Alfonso Caycedo , neuropsychiatre d\u2019origine colombienne. A l\u2019origine, ce terme d\u00e9signait les techniques d\u2019hypnose utilis\u00e9es en milieu hospitalier par les psychiatres. Cette m\u00e9thode permettait aux patients de prendre conscience de leurs \u00e9tats et de les rendre acteurs dans leur traitement.<\/h5>\n\n\n\n<p class=\"has-text-align-center\"><\/p>\n\n\n\n<p class=\"has-text-align-center\">La sophrologie n&#8217;est pas une m\u00e9decine \u00e0 proprement parler. Elle ne se substituera donc en aucun cas \u00e0 un traitement mais peut, en revanche, l&#8217;accompagner. Elle permettra alors de g\u00e9rer stress, anxi\u00e9t\u00e9, douleurs, troubles du sommeil en favorisant un \u00e9tat de bien \u00eatre physique et psychologique.<\/p>\n\n\n\n<div class=\"wp-block-group is-vertical is-layout-flex wp-container-core-group-is-layout-fe9cc265 wp-block-group-is-layout-flex\">\n<p class=\"has-text-align-center\"><\/p>\n<\/div>\n\n\n\n<figure class=\"wp-block-image aligncenter size-full is-resized\"><img decoding=\"async\" width=\"250\" height=\"250\" src=\"http:\/\/www.vesta-bienetre.com\/wp-content\/uploads\/2024\/11\/cropped-logo-nouveau.jpg\" alt=\"\" class=\"wp-image-14\" style=\"width:128px;height:auto\" srcset=\"https:\/\/www.vesta-bienetre.com\/wp-content\/uploads\/2024\/11\/cropped-logo-nouveau.jpg 250w, https:\/\/www.vesta-bienetre.com\/wp-content\/uploads\/2024\/11\/cropped-logo-nouveau-150x150.jpg 150w\" sizes=\"(max-width: 250px) 100vw, 250px\" \/><\/figure>\n\n\n\n<p class=\"has-text-align-center\"><\/p>\n\n\n\n<p class=\"has-text-align-center\"><strong><em>Quel est le principe de la sophrologie ?<\/em><\/strong><\/p>\n\n\n\n<p class=\"has-text-align-center\">La sophrologie vise \u00e0 retrouver l&#8217;harmonie entre le mental et le physique. Bas\u00e9e sur la respiration et la relaxation, cette m\u00e9thode naturelle permet de mobiliser ses propres capacit\u00e9s : calme, bien-\u00eatre, confiance en soi<\/p>\n\n\n\n<figure class=\"wp-block-image aligncenter size-full is-resized\"><img decoding=\"async\" width=\"500\" height=\"500\" src=\"http:\/\/www.vesta-bienetre.com\/wp-content\/uploads\/2024\/11\/logo-vesta-bien-etre.png\" alt=\"\" class=\"wp-image-184\" style=\"width:114px;height:auto\" srcset=\"https:\/\/www.vesta-bienetre.com\/wp-content\/uploads\/2024\/11\/logo-vesta-bien-etre.png 500w, https:\/\/www.vesta-bienetre.com\/wp-content\/uploads\/2024\/11\/logo-vesta-bien-etre-300x300.png 300w, https:\/\/www.vesta-bienetre.com\/wp-content\/uploads\/2024\/11\/logo-vesta-bien-etre-150x150.png 150w\" sizes=\"(max-width: 500px) 100vw, 500px\" \/><\/figure>\n\n\n\n<h4 class=\"wp-block-heading has-text-align-center\">Les honoraires<\/h4>\n\n\n\n<div class=\"wp-block-group is-layout-constrained wp-block-group-is-layout-constrained\">\n<p class=\"has-text-align-center\">Consultations de suivi en cabinet: 60 euros<\/p>\n\n\n\n<p class=\"has-text-align-center\">Paiement par ch\u00e8que ou esp\u00e8ces<\/p>\n\n\n\n<p class=\"has-text-align-center\">Toute consultation non d\u00e9command\u00e9e au moins 48h \u00e0 l&#8217;avance est due.&nbsp;<\/p>\n\n\n\n<p class=\"has-text-align-center\">Les consultations ne sont pas prises en charge par les organismes sociaux. <\/p>\n\n\n\n<p class=\"has-text-align-center\">Certaines mutuelles prennent en charge les actes de sophrologie.&nbsp;<\/p>\n<\/div>\n\n\n\n<figure class=\"wp-block-image aligncenter size-full is-resized\"><img loading=\"lazy\" decoding=\"async\" width=\"500\" height=\"500\" src=\"http:\/\/www.vesta-bienetre.com\/wp-content\/uploads\/2024\/11\/logo-vesta-bien-etre.png\" alt=\"\" class=\"wp-image-184\" style=\"width:121px;height:auto\" srcset=\"https:\/\/www.vesta-bienetre.com\/wp-content\/uploads\/2024\/11\/logo-vesta-bien-etre.png 500w, https:\/\/www.vesta-bienetre.com\/wp-content\/uploads\/2024\/11\/logo-vesta-bien-etre-300x300.png 300w, https:\/\/www.vesta-bienetre.com\/wp-content\/uploads\/2024\/11\/logo-vesta-bien-etre-150x150.png 150w\" sizes=\"(max-width: 500px) 100vw, 500px\" \/><\/figure>\n\n\n\n<div class=\"wp-block-group is-layout-constrained wp-block-group-is-layout-constrained\">\n<h4 class=\"wp-block-heading has-text-align-center\">Votre praticienne<\/h4>\n\n\n\n<p class=\"has-text-align-center\">Vesta BARTHELEMY.<\/p>\n\n\n\n<p class=\"has-text-align-center\">Dipl\u00f4m\u00e9 d&#8217;Etat Infirmier \u00e0 l&#8217;IFSI de N\u00eemes<\/p>\n\n\n\n<p class=\"has-text-align-center\">Dipl\u00f4m\u00e9e en sophrologie de l&#8217;Ecole Fran\u00e7aise Sup\u00e9rieur Sophrologie<\/p>\n<\/div>\n","protected":false},"excerpt":{"rendered":"<p>Trouble du sommeil, peur, col\u00e8re, anxi\u00e9t\u00e9, stress, crise angoisse, manque de confiance en soi, m\u00e9sestime de soi, douleurs chroniques, accompagnement des traitement m\u00e9dicaux, pr\u00e9paration d\u2019un \u00e9v\u00e8nement (accouchement, examens, concours) \u2026Quel que soit votre objectif, votre probl\u00e8me actuel, la sophrologie fait partie des solutions et r\u00e9pondent \u00e0 votre besoin. La sophrologie, est une m\u00e9thode douce accessible [&hellip;]<\/p>\n","protected":false},"author":1,"featured_media":620,"parent":0,"menu_order":0,"comment_status":"closed","ping_status":"closed","template":"","meta":{"_themeisle_gutenberg_block_has_review":false,"footnotes":""},"class_list":["post-47","page","type-page","status-publish","has-post-thumbnail","hentry"],"_links":{"self":[{"href":"https:\/\/www.vesta-bienetre.com\/index.php\/wp-json\/wp\/v2\/pages\/47","targetHints":{"allow":["GET"]}}],"collection":[{"href":"https:\/\/www.vesta-bienetre.com\/index.php\/wp-json\/wp\/v2\/pages"}],"about":[{"href":"https:\/\/www.vesta-bienetre.com\/index.php\/wp-json\/wp\/v2\/types\/page"}],"author":[{"embeddable":true,"href":"https:\/\/www.vesta-bienetre.com\/index.php\/wp-json\/wp\/v2\/users\/1"}],"replies":[{"embeddable":true,"href":"https:\/\/www.vesta-bienetre.com\/index.php\/wp-json\/wp\/v2\/comments?post=47"}],"version-history":[{"count":26,"href":"https:\/\/www.vesta-bienetre.com\/index.php\/wp-json\/wp\/v2\/pages\/47\/revisions"}],"predecessor-version":[{"id":633,"href":"https:\/\/www.vesta-bienetre.com\/index.php\/wp-json\/wp\/v2\/pages\/47\/revisions\/633"}],"wp:featuredmedia":[{"embeddable":true,"href":"https:\/\/www.vesta-bienetre.com\/index.php\/wp-json\/wp\/v2\/media\/620"}],"wp:attachment":[{"href":"https:\/\/www.vesta-bienetre.com\/index.php\/wp-json\/wp\/v2\/media?parent=47"}],"curies":[{"name":"wp","href":"https:\/\/api.w.org\/{rel}","templated":true}]}}